{"id":55,"date":"2020-09-17T14:53:45","date_gmt":"2020-09-17T12:53:45","guid":{"rendered":"https:\/\/amelia.hr\/?page_id=55"},"modified":"2020-09-18T10:47:48","modified_gmt":"2020-09-18T08:47:48","slug":"contract-research-and-development-services","status":"publish","type":"page","link":"https:\/\/amelia.hr\/hr\/contract-research-and-development-services\/","title":{"rendered":"Usluge ugovornog istra\u017eivanja i razvoj novih proizvoda i tehnologija"},"content":{"rendered":"<div style=\"height:30px\" aria-hidden=\"true\" class=\"wp-block-spacer\"><\/div>\n\n\n\n<h2>Kako te\u010de proces?<\/h2>\n\n\n\n<div style=\"height:30px\" aria-hidden=\"true\" class=\"wp-block-spacer\"><\/div>\n\n\n\n<div class=\"wp-block-columns\">\n<div class=\"wp-block-column\" style=\"flex-basis:7%\">\n<h6>Korak 1<\/h6>\n<\/div>\n\n\n\n<div class=\"wp-block-column\" style=\"flex-basis:66.66%\">\n<p>U komunikaciji s klijentom zajedni\u010dki definiramo projektni zadatak te sastavljamo, usugla\u0161avamo i potpisujemo Ugovor kojim se definiraju sve klju\u010dne karakteristike projekta.<\/p>\n<\/div>\n<\/div>\n\n\n\n<div class=\"wp-block-columns\">\n<div class=\"wp-block-column\" style=\"flex-basis:7%\">\n<h6>Korak 2<\/h6>\n<\/div>\n\n\n\n<div class=\"wp-block-column\" style=\"flex-basis:66.66%\">\n<p>Mi provodimo razvojno-istra\u017eiva\u010dki projekt.<\/p>\n<\/div>\n<\/div>\n\n\n\n<div class=\"wp-block-columns\">\n<div class=\"wp-block-column\" style=\"flex-basis:7%\">\n<h6>Korak 3<\/h6>\n<\/div>\n\n\n\n<div class=\"wp-block-column\" style=\"flex-basis:66.66%\">\n<p>Isporu\u010dujemo gotovo, inovativno, a \u010desto i patentibilno, rje\u0161enje po principu \u201cklju\u010d-u-ruke\u201d.<\/p>\n<\/div>\n<\/div>\n\n\n\n<div style=\"height:60px\" aria-hidden=\"true\" class=\"wp-block-spacer\"><\/div>\n\n\n\n<div class=\"wp-block-cover alignfull\" style=\"background-image:url(https:\/\/amelia.hr\/wp-content\/uploads\/2020\/09\/Food-industry.jpg)\"><div class=\"wp-block-cover__inner-container\">\n<h2 class=\"has-text-align-right\">Prehrambena industrija<\/h2>\n\n\n\n<div style=\"height:155px\" aria-hidden=\"true\" class=\"wp-block-spacer\"><\/div>\n<\/div><\/div>\n\n\n\n<div style=\"height:40px\" aria-hidden=\"true\" class=\"wp-block-spacer\"><\/div>\n\n\n\n<h2>Prehrambena industrija<\/h2>\n\n\n\n<h6>Nudimo razvoj novih proizvoda iz sljede\u0107ih kategorija:<\/h6>\n\n\n\n<ul><li>funkcionalna hrana i pi\u0107a: proizvodi sa zdravstveno korisnim nutrijentima kao \u0161to su bjelan\u010devine, vlakna, vitamini i minerali, biljni ekstrakti, probiotici i drugi<\/li><li>zamjene za kuhinjsku sol<\/li><li>zamjene za \u0161e\u0107er i stolni zasla\u0111iva\u010di<\/li><li>pra\u0161ci za pe\u010denje<\/li><li>za\u010dini<\/li><li>dodaci prehrani<\/li><li>hrana za posebne prehrambene potrebe<\/li><li>namazi: biljni maslaci i drugi<\/li><li>instant i teku\u0107e juhe<\/li><li>umaci: majoneza, ketchup, senf, preljevi za salate i drugi<\/li><li>masti i ulja te proizvodi bazirani na emulzijama: industrijske masti i ulja, margarini<\/li><li>proizvodi na bazi vo\u0107a i povr\u0107a<\/li><li>mlije\u010dni proizvodi<\/li><li>proizvodi na bazi kave i kavovina<\/li><li>alkoholna pi\u0107a: pivo i proizvodi na bazi malta, \u017eestoka pi\u0107a, vo\u0107na i aromatizirana vina i drugi<\/li><li>dodaci prehrani za \u017eivotinje<\/li><\/ul>\n\n\n\n<h6>Podru\u010dja izvrsnosti:<\/h6>\n\n\n\n<ul><li>razvoj novih formulacija proizvoda iz kategorije hrane i pi\u0107a, a poglavito funkcionalnih prehrambenih proizvoda<\/li><li>patentibilna rje\u0161enja za smanjenje sadr\u017eaja soli<\/li><li>patentibilna rje\u0161enja za smanjenje sadr\u017eaja \u0161e\u0107era<\/li><li><em>umami<\/em> rje\u0161enja bez mononatrijevog glutamata (MSG)<\/li><li><em>kokumi<\/em> rje\u0161enja<\/li><li>rje\u0161enja za smanjenje sadr\u017eaja masti<\/li><li>\"know-how\" u podru\u010dju industrijskih masti i ulja<\/li><li>\"palm-free\" rje\u0161enja<\/li><li>fermentirani napitci uklju\u010duju\u0107i kombuchu<\/li><li>inventivni dodaci prehrani i hrana za posebne prehrambene potrebe<\/li><li>pra\u0161kasti instant napitci<\/li><\/ul>\n\n\n\n<div style=\"height:60px\" aria-hidden=\"true\" class=\"wp-block-spacer\"><\/div>\n\n\n\n<figure class=\"wp-block-image alignfull size-large\"><img loading=\"lazy\" width=\"1024\" height=\"333\" src=\"https:\/\/amelia.hr\/wp-content\/uploads\/2020\/09\/Pharmaceutical-industry-1024x333.jpg\" alt=\"Contract research and development in Pharmaceutical industry\" class=\"wp-image-57\" srcset=\"https:\/\/amelia.hr\/wp-content\/uploads\/2020\/09\/Pharmaceutical-industry-1024x333.jpg 1024w, https:\/\/amelia.hr\/wp-content\/uploads\/2020\/09\/Pharmaceutical-industry-300x98.jpg 300w, https:\/\/amelia.hr\/wp-content\/uploads\/2020\/09\/Pharmaceutical-industry-768x250.jpg 768w, https:\/\/amelia.hr\/wp-content\/uploads\/2020\/09\/Pharmaceutical-industry-1536x499.jpg 1536w, https:\/\/amelia.hr\/wp-content\/uploads\/2020\/09\/Pharmaceutical-industry.jpg 2000w\" sizes=\"(max-width: 1024px) 100vw, 1024px\" \/><\/figure>\n\n\n\n<div style=\"height:30px\" aria-hidden=\"true\" class=\"wp-block-spacer\"><\/div>\n\n\n\n<h2>Farmaceutska industrija<\/h2>\n\n\n\n<h6>Nudimo razvoj novih proizvoda iz sljede\u0107ih kategorija:<\/h6>\n\n\n\n<p>Aktivne farmaceutske supstancije (API), biljne aktivne supstancije i ekstrakti, lijekovi na recept, bezreceptni lijekovi, biljni lijekovi, tradicionalni biljni lijekovi, medicinski proizvodi, veterinarsko-medicinski proizvodi te razvijamo nove tehnolo\u0161ke postupke za njihovu proizvodnju.<\/p>\n\n\n\n<div style=\"height:20px\" aria-hidden=\"true\" class=\"wp-block-spacer\"><\/div>\n\n\n\n<h6>Podru\u010dja izvrsnosti:<\/h6>\n\n\n\n<ul><li>Farmaceutska kemija (API):<ul><li>razvoj sintetskih procesa za proizvodnju aktivnih supstancija (API)<\/li><li>sinteze na mg - multi kg skalama (vidjeti <a href=\"https:\/\/amelia.hr\/hr\/contract-research-and-development-services\/#Chemical-industry\">Kemijska industrija<\/a>)<\/li><li>intermedijeri aktivnih farmaceutskih supstancija i srodne supstancije (one\u010di\u0161\u0107enja)<\/li><li>inkapsulirane farmaceutski aktivne supstancije (API)<\/li><li>inkluzijski kompleksi aktivnih farmaceutskih supstancija<\/li><li>nove soli, prolijekovi i derivati postoje\u0107ih farmaceutski aktivnih supstancija (API)<\/li><li>aktivne farmaceutske supstancije bazirane na prirodnim spojevima<\/li><li>razvoj i tehnologije farmaceutski aktivnih supstancija temeljenih na biljnim ekstraktima, eteri\u010dnim uljima i propolisu<\/li><\/ul><\/li><li>Farmaceutski razvoj:<ul><li>farmaceutske formulacije:<ul><li>klasi\u010dne: pra\u0161ci, granule, tablete, kapsule, otopine, suspenzije, sirupi, losioni, kreme, masti, oftalmi\u010dke, nazalne i vaginalne formulacije<\/li><li>napredne: dozni oblici s kontroliranim osloba\u0111anjem, terapijski flasteri, inovativni sustavi za poja\u010danu penetraciju kroz ko\u017eu<\/li><\/ul><\/li><li>formulacije bazirane na prirodnim spojevima, biljnim ekstraktima, propolisnim ekstraktima i eteri\u010dnim uljima kao API<\/li><li>formulacije bazirane na vitaminima, mineralima i aminokiselinama<\/li><li>inventivna rje\u0161enja za pobolj\u0161anje stabilnosti farmaceutski aktivnih supstancija u krutim i teku\u0107im formulacijama<\/li><li>inventivna rje\u0161enja za pobolj\u0161anje topljivosti slabo topljivih farmaceutski aktivnih supstancija<\/li><li>nove i inventivne fiksne kombinacije farmaceutski aktivnih supstancija s pobolj\u0161anim terapijskim profilom<\/li><\/ul><\/li><li>Medicinski proizvodi (MD):<ul><li>razvoj formulacija medicinskih proizvoda za:<ul><li>ko\u017eu<\/li><li>o\u010di<\/li><li>u\u0161i<\/li><li>usnu \u0161upljinu<\/li><li>gornji di\u0161ni sustav<\/li><li>probavni sustav<\/li><li>vaginalnu sluznicu, te<\/li><li>punila za ko\u017eu<\/li><li>ko\u0161tani supstituti<\/li><\/ul><\/li><li>rje\u0161enja za MD na bazi biljnih ekstrakata, propolisnih ekstrakata i eteri\u010dnih ulja<\/li><\/ul><\/li><\/ul>\n\n\n\n<div style=\"height:60px\" aria-hidden=\"true\" class=\"wp-block-spacer\"><\/div>\n\n\n\n<div class=\"wp-block-cover alignfull\" style=\"background-image:url(https:\/\/amelia.hr\/wp-content\/uploads\/2020\/09\/Cosmetic-industy.jpg)\"><div class=\"wp-block-cover__inner-container\">\n<div style=\"height:240px\" aria-hidden=\"true\" class=\"wp-block-spacer\"><\/div>\n\n\n\n<h2 class=\"has-text-align-right\">Kozmeti\u010dka industrija<\/h2>\n<\/div><\/div>\n\n\n\n<div style=\"height:40px\" aria-hidden=\"true\" class=\"wp-block-spacer\"><\/div>\n\n\n\n<h2>Kozmeti\u010dka industrija<\/h2>\n\n\n\n<h6>Nudimo razvoj novih proizvoda u konvencionalnim i prirodnim opcijama formulacija iz sljede\u0107ih kategorija:<\/h6>\n\n\n\n<ul><li>Higijenski i toaletni proizvodi: sapuni, gelovi za tu\u0161iranje, \u0161amponi, dezinficijensi, pjene za brijanje, proizvodi za poslije brijanja i drugi<\/li><li>Preparati za njegu ko\u017ee: kreme, losioni, tonici i drugi<\/li><li>Proizodi za njegu kose<\/li><li>Preparati za njegu usne \u0161upljine: zubne paste, vodice za ispiranje usta, proizvodi za njegu desni<\/li><li>Proizvodi za za\u0161titu od sunca<\/li><li>Dekorativna kozmetika<\/li><li>Parfemi<\/li><li>Aktivni kozmeti\u010dki sastojci: biljni ekstrakti i razne formulacije aktivnih supstancija za upotrebu u kozmeti\u010dkim proizvodima<\/li><li>Nove formulacije kozmeti\u010dkih konzervansa na bazi minimalno \u0161tetnih i ekolo\u0161ki prihvatljivih mikrobiocida<\/li><\/ul>\n\n\n\n<div style=\"height:20px\" aria-hidden=\"true\" class=\"wp-block-spacer\"><\/div>\n\n\n\n<h6>Podru\u010dja izvrsnosti:<\/h6>\n\n\n\n<ul><li>Razvoj kozmeti\u010dkih formulacija<\/li><li>Visokoaktivne kozmeti\u010dke formulacije (cosmeceuticals)<\/li><li>Formulacije temeljene na prirodnim sastojcima, biljnim ekstraktima, eteri\u010dnim uljima i propolisnim ekstraktima<\/li><\/ul>\n\n\n\n<div style=\"height:60px\" aria-hidden=\"true\" class=\"wp-block-spacer\"><\/div>\n\n\n\n<div class=\"wp-block-cover alignfull\" style=\"background-image:url(https:\/\/amelia.hr\/wp-content\/uploads\/2020\/09\/Chemical-industry.jpg)\"><div class=\"wp-block-cover__inner-container\">\n<div style=\"height:240px\" aria-hidden=\"true\" class=\"wp-block-spacer\"><\/div>\n\n\n\n<h2 class=\"has-text-align-right\" id=\"Chemical-industry\">Kemijska industrija<\/h2>\n<\/div><\/div>\n\n\n\n<div style=\"height:40px\" aria-hidden=\"true\" class=\"wp-block-spacer\"><\/div>\n\n\n\n<h2>Kemijska industrija<\/h2>\n\n\n\n<h6>Nudimo razvoj:<\/h6>\n\n\n\n<ul><li>Nove sinteze organskih spojeva, posebno farmaceutski aktivnih supstancija (API) i finih kemikalija na mg - multi kg skali:<ul><li>oksidacije i redukcije<\/li><li>reakcije manipulacije za\u0161titnim skupinama<\/li><li>organometalne reakcije<\/li><li>kemija aromatskih spojeva: aciliranje, halogeniranje, sulfoniranje, nitriranje<\/li><li>karbanionske kondenzacije i srodne reakcije<\/li><li>reakcije formiranja aril-aril veze<\/li><li>esterifikacija i transesterifikacija<\/li><li>sinteze derivata karboksilnih kiselina<\/li><li>epoksidacije i reakcije otvaranja epoksidnog prstena<\/li><li>heterocikli\u010dka kemija<\/li><li>glikozilacije i glikozidna kemija<\/li><li>slo\u017eene vi\u0161estupnjevite sinteze<\/li><li>enantioselektivne sinteze<\/li><li>kemija masti i ulja<\/li><li>kemija eteri\u010dnih ulja i drugih skupina prirodnih spojeva<\/li><li>ionske i duboke eutekti\u010dke teku\u0107ine u organskoj sintezi<\/li><li>\"zelena kemija\"<\/li><\/ul><\/li><\/ul>\n\n\n\n<ul><li>Formulacije kemijskih proizvoda:<ul><li>proizvodi za pranje i \u010di\u0161\u0107enje<\/li><li>industrijski mirisi<\/li><li>premazi, ljepila i kitovi<\/li><li>biomaziva<\/li><li>proizvodi gra\u0111evinske kemije<\/li><li>formulacije proizvoda na bazi eteri\u010dnih ulja i drugih prirodnih produkata<\/li><\/ul><\/li><\/ul>\n\n\n<p style=\"padding-left: 40px;\"><span>Osim konvencionalne kemije, na\u0161 fokus je na ekolo\u0161ki prihvatljivim tehnologijama i obnovljivim polaznim sirovinama.<\/span><\/p>\n\n\n<ul><li>Tehnologije proizvodnje:<ul><li>prirodnih spojeva<\/li><li>biljnih ekstrakata<\/li><li>eteri\u010dnih ulja<\/li><li>propolisnih ekstrakata<\/li><\/ul><\/li><\/ul>\n\n\n<p style=\"padding-left: 40px;\"><span>za prehrambenu, farmaceutsku i kozmeti\u010dku industriju.<\/span><\/p>\n\n\n<ul><li>Tehnologija biodizela<\/li><\/ul>\n\n\n\n<div style=\"height:60px\" aria-hidden=\"true\" class=\"wp-block-spacer\"><\/div>\n\n\n\n<figure class=\"wp-block-image alignfull size-large\"><img loading=\"lazy\" width=\"1024\" height=\"333\" src=\"https:\/\/amelia.hr\/wp-content\/uploads\/2020\/09\/Agrochemical-industry-1024x333.jpg\" alt=\"Agrochemical industry\" class=\"wp-image-60\" srcset=\"https:\/\/amelia.hr\/wp-content\/uploads\/2020\/09\/Agrochemical-industry-1024x333.jpg 1024w, https:\/\/amelia.hr\/wp-content\/uploads\/2020\/09\/Agrochemical-industry-300x98.jpg 300w, https:\/\/amelia.hr\/wp-content\/uploads\/2020\/09\/Agrochemical-industry-768x250.jpg 768w, https:\/\/amelia.hr\/wp-content\/uploads\/2020\/09\/Agrochemical-industry-1536x499.jpg 1536w, https:\/\/amelia.hr\/wp-content\/uploads\/2020\/09\/Agrochemical-industry.jpg 2000w\" sizes=\"(max-width: 1024px) 100vw, 1024px\" \/><\/figure>\n\n\n\n<div style=\"height:30px\" aria-hidden=\"true\" class=\"wp-block-spacer\"><\/div>\n\n\n\n<h2>Agrokemijska industrija<\/h2>\n\n\n\n<h6>Nudimo razvoj novih proizvoda iz sljede\u0107ih kategorija:<\/h6>\n\n\n<ul role=\"textbox\" aria-multiline=\"true\" aria-label=\"Write list\u2026\" class=\"rich-text block-editor-rich-text__editable\" contenteditable=\"true\">\n<li>granulirana i teku\u0107a mineralna gnojiva uklju\u010duju\u0107i proizvode sa sadr\u017eajem sekundarnih nutrijenata i mikronutrijenata<\/li>\n<li>proizvodi namijenjeni prihrani specifi\u010dnih kultura<\/li>\n<li>ekolo\u0161ki pesticidi<\/li>\n<li>oja\u010diva\u010di bilja<\/li>\n<li>poja\u010diva\u010di tla<\/li>\n<\/ul>\n<p style=\"padding-left: 40px;\"><span>te posebno nove i inovativne formulacije proizvoda na bazi ekolo\u0161ki prihvatljive \u201czelene agrokemije\u201d.<\/span><\/p>\n\n\n<div style=\"height:60px\" aria-hidden=\"true\" class=\"wp-block-spacer\"><\/div>","protected":false},"excerpt":{"rendered":"<p>How the process runs? Step 1 In communication with the client, we jointly define the project task and then compile, agree and sign the Agreement which defines all the key characteristics of the project. Step 2 Then we perform the research and development project. Step 3 As a result, we [&hellip;]<\/p>","protected":false},"author":1,"featured_media":0,"parent":0,"menu_order":0,"comment_status":"closed","ping_status":"closed","template":"page-templates\/template-fullwidth.php","meta":[],"yoast_head":"<!-- This site is optimized with the Yoast SEO plugin v14.9 - https:\/\/yoast.com\/wordpress\/plugins\/seo\/ -->\n<title>Contract research and development services &ndash; Amelia<\/title>\n<meta name=\"description\" content=\"We offer contract research and development services of new products and technologies in food, pharmaceutical, cosmetic and chemical industry.\" \/>\n<meta name=\"robots\" content=\"index, follow, max-snippet:-1, max-image-preview:large, max-video-preview:-1\" \/>\n<link rel=\"canonical\" href=\"https:\/\/amelia.hr\/hr\/contract-research-and-development-services\/\" \/>\n<meta property=\"og:locale\" content=\"hr_HR\" \/>\n<meta property=\"og:type\" content=\"article\" \/>\n<meta property=\"og:title\" content=\"Contract research and development services &ndash; Amelia\" \/>\n<meta property=\"og:description\" content=\"We offer contract research and development services of new products and technologies in food, pharmaceutical, cosmetic and chemical industry.\" \/>\n<meta property=\"og:url\" content=\"https:\/\/amelia.hr\/hr\/contract-research-and-development-services\/\" \/>\n<meta property=\"og:site_name\" content=\"Amelia\" \/>\n<meta property=\"article:modified_time\" content=\"2020-09-18T08:47:48+00:00\" \/>\n<meta property=\"og:image\" content=\"https:\/\/amelia.hr\/wp-content\/uploads\/2020\/09\/Pharmaceutical-industry-1024x333.jpg\" \/>\n<meta name=\"twitter:card\" content=\"summary_large_image\" \/>\n<script type=\"application\/ld+json\" class=\"yoast-schema-graph\">{\"@context\":\"https:\/\/schema.org\",\"@graph\":[{\"@type\":\"Organization\",\"@id\":\"https:\/\/amelia.hr\/hr\/#organization\",\"name\":\"Amelia Ltd\",\"url\":\"https:\/\/amelia.hr\/hr\/\",\"sameAs\":[],\"logo\":{\"@type\":\"ImageObject\",\"@id\":\"https:\/\/amelia.hr\/hr\/#logo\",\"inLanguage\":\"hr\",\"url\":\"https:\/\/amelia.hr\/wp-content\/uploads\/2020\/09\/Amelia-We-create-real-innovations.png\",\"width\":480,\"height\":80,\"caption\":\"Amelia Ltd\"},\"image\":{\"@id\":\"https:\/\/amelia.hr\/hr\/#logo\"}},{\"@type\":\"WebSite\",\"@id\":\"https:\/\/amelia.hr\/hr\/#website\",\"url\":\"https:\/\/amelia.hr\/hr\/\",\"name\":\"Amelia\",\"description\":\"We create real innovations!\",\"publisher\":{\"@id\":\"https:\/\/amelia.hr\/hr\/#organization\"},\"potentialAction\":[{\"@type\":\"SearchAction\",\"target\":\"https:\/\/amelia.hr\/hr\/?s={search_term_string}\",\"query-input\":\"required name=search_term_string\"}],\"inLanguage\":\"hr\"},{\"@type\":\"ImageObject\",\"@id\":\"https:\/\/amelia.hr\/contract-research-and-development-services\/#primaryimage\",\"inLanguage\":\"hr\",\"url\":\"https:\/\/amelia.hr\/wp-content\/uploads\/2020\/09\/Pharmaceutical-industry.jpg\",\"width\":2000,\"height\":650,\"caption\":\"Contract research and development in Pharmaceutical industry\"},{\"@type\":\"WebPage\",\"@id\":\"https:\/\/amelia.hr\/contract-research-and-development-services\/#webpage\",\"url\":\"https:\/\/amelia.hr\/contract-research-and-development-services\/\",\"name\":\"Contract research and development services &ndash; Amelia\",\"isPartOf\":{\"@id\":\"https:\/\/amelia.hr\/hr\/#website\"},\"primaryImageOfPage\":{\"@id\":\"https:\/\/amelia.hr\/contract-research-and-development-services\/#primaryimage\"},\"datePublished\":\"2020-09-17T12:53:45+00:00\",\"dateModified\":\"2020-09-18T08:47:48+00:00\",\"description\":\"We offer contract research and development services of new products and technologies in food, pharmaceutical, cosmetic and chemical industry.\",\"inLanguage\":\"hr\",\"potentialAction\":[{\"@type\":\"ReadAction\",\"target\":[\"https:\/\/amelia.hr\/contract-research-and-development-services\/\"]}]}]}<\/script>\n<!-- \/ Yoast SEO plugin. -->","_links":{"self":[{"href":"https:\/\/amelia.hr\/hr\/wp-json\/wp\/v2\/pages\/55"}],"collection":[{"href":"https:\/\/amelia.hr\/hr\/wp-json\/wp\/v2\/pages"}],"about":[{"href":"https:\/\/amelia.hr\/hr\/wp-json\/wp\/v2\/types\/page"}],"author":[{"embeddable":true,"href":"https:\/\/amelia.hr\/hr\/wp-json\/wp\/v2\/users\/1"}],"replies":[{"embeddable":true,"href":"https:\/\/amelia.hr\/hr\/wp-json\/wp\/v2\/comments?post=55"}],"version-history":[{"count":0,"href":"https:\/\/amelia.hr\/hr\/wp-json\/wp\/v2\/pages\/55\/revisions"}],"wp:attachment":[{"href":"https:\/\/amelia.hr\/hr\/wp-json\/wp\/v2\/media?parent=55"}],"curies":[{"name":"wp","href":"https:\/\/api.w.org\/{rel}","templated":true}]}}