{"id":42,"date":"2020-09-17T14:26:25","date_gmt":"2020-09-17T12:26:25","guid":{"rendered":"https:\/\/amelia.hr\/?page_id=42"},"modified":"2020-09-17T19:06:27","modified_gmt":"2020-09-17T17:06:27","slug":"technologies-for-licensing","status":"publish","type":"page","link":"https:\/\/amelia.hr\/hr\/technologies-for-licensing\/","title":{"rendered":"Tehnologije za licenciranje"},"content":{"rendered":"<p>Amelia d.o.o. nudi gotove razvijene nove i inventivne proizvode i tehnologije dostupne za licenciranje zainteresiranim tvrtkama ili privatnim investitorima:<\/p>\n\n\n\n<div style=\"height:60px\" aria-hidden=\"true\" class=\"wp-block-spacer\"><\/div>\n\n\n\n<div class=\"wp-block-media-text alignfull is-stacked-on-mobile\"><figure class=\"wp-block-media-text__media\"><img loading=\"lazy\" width=\"819\" height=\"1024\" src=\"https:\/\/amelia.hr\/wp-content\/uploads\/2020\/09\/Bright-vision-819x1024.jpg\" alt=\"BrightVision\" class=\"wp-image-43\" srcset=\"https:\/\/amelia.hr\/wp-content\/uploads\/2020\/09\/Bright-vision-819x1024.jpg 819w, https:\/\/amelia.hr\/wp-content\/uploads\/2020\/09\/Bright-vision-240x300.jpg 240w, https:\/\/amelia.hr\/wp-content\/uploads\/2020\/09\/Bright-vision-768x960.jpg 768w, https:\/\/amelia.hr\/wp-content\/uploads\/2020\/09\/Bright-vision.jpg 1200w\" sizes=\"(max-width: 819px) 100vw, 819px\" \/><\/figure><div class=\"wp-block-media-text__content\">\n<h5 class=\"has-text-align-center\">BrightVision<\/h5>\n\n\n\n<hr class=\"wp-block-separator is-style-wide\"\/>\n\n\n\n<p>Nova i inventivna (patentibilna) oftalmi\u010dka formulacija za tretman posljedica virusne infekcije ro\u017enice oka Herpes virusom (HVI), op\u0107enito upala ro\u017enice ili alternativno, tretman suhog oka (KCS).<\/p>\n<\/div><\/div>\n\n\n\n<div class=\"wp-block-media-text alignfull has-media-on-the-right is-stacked-on-mobile\"><figure class=\"wp-block-media-text__media\"><img loading=\"lazy\" width=\"1024\" height=\"683\" src=\"https:\/\/amelia.hr\/wp-content\/uploads\/2020\/09\/CogniLAB-1024x683.jpg\" alt=\"CogniLAB\" class=\"wp-image-44\" srcset=\"https:\/\/amelia.hr\/wp-content\/uploads\/2020\/09\/CogniLAB-1024x683.jpg 1024w, https:\/\/amelia.hr\/wp-content\/uploads\/2020\/09\/CogniLAB-300x200.jpg 300w, https:\/\/amelia.hr\/wp-content\/uploads\/2020\/09\/CogniLAB-768x512.jpg 768w, https:\/\/amelia.hr\/wp-content\/uploads\/2020\/09\/CogniLAB-360x240.jpg 360w, https:\/\/amelia.hr\/wp-content\/uploads\/2020\/09\/CogniLAB.jpg 1200w\" sizes=\"(max-width: 1024px) 100vw, 1024px\" \/><\/figure><div class=\"wp-block-media-text__content\">\n<h5 class=\"has-text-align-center\">CogniLAB<sup>\u00ae<\/sup><\/h5>\n\n\n\n<hr class=\"wp-block-separator is-style-wide\"\/>\n\n\n\n<p>Pra\u0161kasti premiks koji se mo\u017ee primjenjivati kao funkcionalni prehrambeni sastojak u proizvodnji razli\u010ditih funkcionalnih prehrambenih proizvoda sa zdravstvenom tvrdnjom \u201cza kognitivne sposobnosti\u201d i\/ili \u201cza energiju\u201d.<\/p>\n\n\n\n<p>CogniLAB<sup>\u00ae<\/sup>&nbsp;Cognitive &amp; Energy Cappuccino and CogniLAB<sup>\u00ae<\/sup>&nbsp;Cognitive & Energy Chicory Cappuccino, dva funkcionalna instant napitka nalik na cappuccino na bazi kave (s kofeinom) ili cikorije (bez kofeina) sa sadr\u017eajem CogniLAB\u00ae premiksa.<sup>\u00ae<\/sup>&nbsp;premix.<\/p>\n<\/div><\/div>\n\n\n\n<div class=\"wp-block-media-text alignfull is-stacked-on-mobile\"><figure class=\"wp-block-media-text__media\"><img loading=\"lazy\" width=\"1024\" height=\"683\" src=\"https:\/\/amelia.hr\/wp-content\/uploads\/2020\/09\/Citrusweet-1024x683.jpg\" alt=\"Citrusweet\" class=\"wp-image-45\" srcset=\"https:\/\/amelia.hr\/wp-content\/uploads\/2020\/09\/Citrusweet-1024x683.jpg 1024w, https:\/\/amelia.hr\/wp-content\/uploads\/2020\/09\/Citrusweet-300x200.jpg 300w, https:\/\/amelia.hr\/wp-content\/uploads\/2020\/09\/Citrusweet-768x512.jpg 768w, https:\/\/amelia.hr\/wp-content\/uploads\/2020\/09\/Citrusweet-360x240.jpg 360w, https:\/\/amelia.hr\/wp-content\/uploads\/2020\/09\/Citrusweet.jpg 1200w\" sizes=\"(max-width: 1024px) 100vw, 1024px\" \/><\/figure><div class=\"wp-block-media-text__content\">\n<h5 class=\"has-text-align-center\">Citrusweet<sup>\u00ae<\/sup><\/h5>\n\n\n\n<hr class=\"wp-block-separator is-style-wide\"\/>\n\n\n\n<p>Patentibilna zamjena za \u0161e\u0107er kao prehrambeni sastojak za proizvodnju drugih prehrambenih proizvoda sa smanjenim udjelom \u0161e\u0107era ili kao stolni zasla\u0111iva\u010d.<\/p>\n<\/div><\/div>\n\n\n\n<div class=\"wp-block-media-text alignfull has-media-on-the-right is-stacked-on-mobile\"><figure class=\"wp-block-media-text__media\"><img loading=\"lazy\" width=\"1024\" height=\"683\" src=\"https:\/\/amelia.hr\/wp-content\/uploads\/2020\/09\/Amelia-Salt-substitute-1024x683.jpg\" alt=\"Amelia Salt Substitute\" class=\"wp-image-46\" srcset=\"https:\/\/amelia.hr\/wp-content\/uploads\/2020\/09\/Amelia-Salt-substitute-1024x683.jpg 1024w, https:\/\/amelia.hr\/wp-content\/uploads\/2020\/09\/Amelia-Salt-substitute-300x200.jpg 300w, https:\/\/amelia.hr\/wp-content\/uploads\/2020\/09\/Amelia-Salt-substitute-768x512.jpg 768w, https:\/\/amelia.hr\/wp-content\/uploads\/2020\/09\/Amelia-Salt-substitute-360x240.jpg 360w, https:\/\/amelia.hr\/wp-content\/uploads\/2020\/09\/Amelia-Salt-substitute.jpg 1200w\" sizes=\"(max-width: 1024px) 100vw, 1024px\" \/><\/figure><div class=\"wp-block-media-text__content\">\n<h5 class=\"has-text-align-center\">Amelia<sup>\u00ae<\/sup>&nbsp;supstitut soli<\/h5>\n\n\n\n<hr class=\"wp-block-separator is-style-wide\"\/>\n\n\n\n<p>Patentibilna zamjena za kuhinjsku sol sa smanjenim udjelom natrija za -35% do -60%.<\/p>\n<\/div><\/div>\n\n\n\n<div class=\"wp-block-media-text alignfull is-stacked-on-mobile\"><figure class=\"wp-block-media-text__media\"><img loading=\"lazy\" width=\"1024\" height=\"683\" src=\"https:\/\/amelia.hr\/wp-content\/uploads\/2020\/09\/Amelia-Baking-Powder-1024x683.jpg\" alt=\"Amelia Baking Powder\" class=\"wp-image-47\" srcset=\"https:\/\/amelia.hr\/wp-content\/uploads\/2020\/09\/Amelia-Baking-Powder-1024x683.jpg 1024w, https:\/\/amelia.hr\/wp-content\/uploads\/2020\/09\/Amelia-Baking-Powder-300x200.jpg 300w, https:\/\/amelia.hr\/wp-content\/uploads\/2020\/09\/Amelia-Baking-Powder-768x512.jpg 768w, https:\/\/amelia.hr\/wp-content\/uploads\/2020\/09\/Amelia-Baking-Powder-360x240.jpg 360w, https:\/\/amelia.hr\/wp-content\/uploads\/2020\/09\/Amelia-Baking-Powder.jpg 1200w\" sizes=\"(max-width: 1024px) 100vw, 1024px\" \/><\/figure><div class=\"wp-block-media-text__content\">\n<h5 class=\"has-text-align-center\">Amelia<sup>\u00ae<\/sup>&nbsp;pra\u0161ak za pe\u010denje bez natrija i fosfata<\/h5>\n\n\n\n<hr class=\"wp-block-separator is-style-wide\"\/>\n\n\n\n<p>Patentibilna zamjena za konvencionalni pra\u0161ak za pe\u010denje koji se primjenjuje u proizvodnji razli\u010ditih pekarskih proizvoda sa smanjenim udjelom natrija. Koristan za smanjenje \u0161tetnog prekomjernog nutritivnog unosa fosfata.<\/p>\n<\/div><\/div>\n\n\n\n<div class=\"wp-block-media-text alignfull has-media-on-the-right is-stacked-on-mobile\"><figure class=\"wp-block-media-text__media\"><img loading=\"lazy\" width=\"1024\" height=\"819\" src=\"https:\/\/amelia.hr\/wp-content\/uploads\/2020\/09\/Functional-umami-snack-bars-1024x819.jpg\" alt=\"Functional umami snack bars\" class=\"wp-image-48\" srcset=\"https:\/\/amelia.hr\/wp-content\/uploads\/2020\/09\/Functional-umami-snack-bars-1024x819.jpg 1024w, https:\/\/amelia.hr\/wp-content\/uploads\/2020\/09\/Functional-umami-snack-bars-300x240.jpg 300w, https:\/\/amelia.hr\/wp-content\/uploads\/2020\/09\/Functional-umami-snack-bars-768x614.jpg 768w, https:\/\/amelia.hr\/wp-content\/uploads\/2020\/09\/Functional-umami-snack-bars.jpg 1200w\" sizes=\"(max-width: 1024px) 100vw, 1024px\" \/><\/figure><div class=\"wp-block-media-text__content\">\n<h5 class=\"has-text-align-center\">Funkcionalne&nbsp;<em>umami<\/em>&nbsp;plo\u010dice<\/h5>\n\n\n\n<hr class=\"wp-block-separator is-style-wide\"\/>\n\n\n\n<p>Funkcionalne plo\u010dice sa smanjenim sadr\u017eajem \u0161e\u0107era i soli; visok sadr\u017eaj proteina i vlakana; sadr\u017ei poseban funkcionalni ekstrakt lista masline (<em>Olea europea<\/em>&nbsp;L.) pobolj\u0161ane bioraspolo\u017eivosti koji smanjuje simptome metaboli\u010dkog sindroma (hipertenzije, dislipidemije, hiperglikemije, pretilosti).<\/p>\n<\/div><\/div>\n\n\n\n<div class=\"wp-block-media-text alignfull is-stacked-on-mobile\" style=\"grid-template-columns:37% auto\"><figure class=\"wp-block-media-text__media\"><img loading=\"lazy\" width=\"911\" height=\"1024\" src=\"https:\/\/amelia.hr\/wp-content\/uploads\/2020\/09\/Liquid-herbal-extracts-911x1024.jpg\" alt=\"Liquid herbal extracts\" class=\"wp-image-51\" srcset=\"https:\/\/amelia.hr\/wp-content\/uploads\/2020\/09\/Liquid-herbal-extracts-911x1024.jpg 911w, https:\/\/amelia.hr\/wp-content\/uploads\/2020\/09\/Liquid-herbal-extracts-267x300.jpg 267w, https:\/\/amelia.hr\/wp-content\/uploads\/2020\/09\/Liquid-herbal-extracts-768x863.jpg 768w, https:\/\/amelia.hr\/wp-content\/uploads\/2020\/09\/Liquid-herbal-extracts.jpg 1068w\" sizes=\"(max-width: 911px) 100vw, 911px\" \/><\/figure><div class=\"wp-block-media-text__content\">\n<h5 class=\"has-text-align-center\">Aktivni kozmeti\u010dki sastojci iz kategorije teku\u0107ih biljnih ekstrakata<\/h5>\n\n\n\n<hr class=\"wp-block-separator is-style-wide\"\/>\n\n\n\n<p>Amelia nudi tehnologije (\u201cknow-how\u201d) za proizvodnju \u0161irokog programa hidrofilnih i lipofilnih teku\u0107ih biljnih ekstrakata koji su lako primjenjivi u razli\u010ditim tipovima formulacija kozmeti\u010dkih proizvoda.<\/p>\n\n\n\n<p>Katalog razvijenih kozmeti\u010dkih aktivnih sastojaka mo\u017eete vidjeti ovdje: <a href=\"https:\/\/amelia.hr\/wp-content\/uploads\/2020\/09\/Catalogue-of-Amelia\u00ae-Active-Cosmetic-Ingredients.pdf\" target=\"_blank\" rel=\"noreferrer noopener\">Catalogue of Amelia<sup>\u00ae<\/sup>&nbsp;Active Cosmetic Ingredients<\/a>.<\/p>\n<\/div><\/div>\n\n\n\n<div class=\"wp-block-media-text alignfull has-media-on-the-right is-stacked-on-mobile\"><figure class=\"wp-block-media-text__media\"><img loading=\"lazy\" width=\"1024\" height=\"768\" src=\"https:\/\/amelia.hr\/wp-content\/uploads\/2020\/09\/NewSoap-1024x768.jpg\" alt=\"NewSoap\" class=\"wp-image-52\" srcset=\"https:\/\/amelia.hr\/wp-content\/uploads\/2020\/09\/NewSoap-1024x768.jpg 1024w, https:\/\/amelia.hr\/wp-content\/uploads\/2020\/09\/NewSoap-300x225.jpg 300w, https:\/\/amelia.hr\/wp-content\/uploads\/2020\/09\/NewSoap-768x576.jpg 768w, https:\/\/amelia.hr\/wp-content\/uploads\/2020\/09\/NewSoap.jpg 1200w\" sizes=\"(max-width: 1024px) 100vw, 1024px\" \/><\/figure><div class=\"wp-block-media-text__content\">\n<h5 class=\"has-text-align-center\">Amelia<sup>\u00ae<\/sup> NewSoap<\/h5>\n\n\n\n<hr class=\"wp-block-separator is-style-wide\"\/>\n\n\n\n<p>Nov i inventivan (patentibilan) ekolo\u0161ki prihvatljiv tenzid iz obnovljive sirovine te proizvodi na njegovoj bazi: teku\u0107i sapuni za pranje ruku, gelovi za tu\u0161iranje, \u0161amponi i srodne vrste higijenskih proizvoda; bez upotrebe konvencionalnih tenzida.<\/p>\n<\/div><\/div>\n\n\n\n<div class=\"wp-block-media-text alignfull is-stacked-on-mobile\"><figure class=\"wp-block-media-text__media\"><img loading=\"lazy\" width=\"1024\" height=\"576\" src=\"https:\/\/amelia.hr\/wp-content\/uploads\/2020\/09\/Agrochemical-products-1024x576.jpg\" alt=\"Agrochemical products\" class=\"wp-image-53\" srcset=\"https:\/\/amelia.hr\/wp-content\/uploads\/2020\/09\/Agrochemical-products-1024x576.jpg 1024w, https:\/\/amelia.hr\/wp-content\/uploads\/2020\/09\/Agrochemical-products-300x169.jpg 300w, https:\/\/amelia.hr\/wp-content\/uploads\/2020\/09\/Agrochemical-products-768x432.jpg 768w, https:\/\/amelia.hr\/wp-content\/uploads\/2020\/09\/Agrochemical-products.jpg 1200w\" sizes=\"(max-width: 1024px) 100vw, 1024px\" \/><\/figure><div class=\"wp-block-media-text__content\">\n<h5 class=\"has-text-align-center\">Amelia<sup>\u00ae<\/sup>&nbsp;Crop Science<\/h5>\n\n\n\n<hr class=\"wp-block-separator is-style-wide\"\/>\n\n\n\n<ul><li>konvencionalna i ekolo\u0161ki prihvatljiva teku\u0107a mineralna gnojiva<\/li><li>ekolo\u0161ki prihvatljiva sredstva za za\u0161titu bilja<\/li><li>ekolo\u0161ki prihvatljiva pomo\u0107na sredstva (adjuvansi)<\/li><\/ul>\n\n\n\n<p>Katalog razvijenih agrokemijskih proizvoda koji su dostupni za licenciranje mo\u017eete preuzeti ovdje: <a href=\"https:\/\/amelia.hr\/wp-content\/uploads\/2020\/09\/Catalogue-of-Amelia\u00ae-Agrochemical-Products.pdf\" target=\"_blank\" rel=\"noreferrer noopener\">Catalogue of Amelia<sup>\u00ae<\/sup>&nbsp;Agrochemical Products<\/a>.<\/p>\n<\/div><\/div>","protected":false},"excerpt":{"rendered":"<p>Amelia d.o.o. nudi gotove razvijene nove i inventivne proizvode i tehnologije dostupne za licenciranje zainteresiranim tvrtkama ili privatnim investitorima:<\/p>","protected":false},"author":1,"featured_media":0,"parent":0,"menu_order":0,"comment_status":"closed","ping_status":"closed","template":"page-templates\/template-fullwidth.php","meta":[],"yoast_head":"<!-- This site is optimized with the Yoast SEO plugin v14.9 - https:\/\/yoast.com\/wordpress\/plugins\/seo\/ -->\n<title>Amelia - Technologies for licensing available to interested investors<\/title>\n<meta name=\"description\" content=\"Amelia Ltd offers developed new and inventive products and technologies to interested companies or private investors for licensing.\" \/>\n<meta name=\"robots\" content=\"index, follow, max-snippet:-1, max-image-preview:large, max-video-preview:-1\" \/>\n<link rel=\"canonical\" href=\"https:\/\/amelia.hr\/hr\/technologies-for-licensing\/\" \/>\n<meta property=\"og:locale\" content=\"hr_HR\" \/>\n<meta property=\"og:type\" content=\"article\" \/>\n<meta property=\"og:title\" content=\"Amelia - Technologies for licensing available to interested investors\" \/>\n<meta property=\"og:description\" content=\"Amelia Ltd offers developed new and inventive products and technologies to interested companies or private investors for licensing.\" \/>\n<meta property=\"og:url\" content=\"https:\/\/amelia.hr\/hr\/technologies-for-licensing\/\" \/>\n<meta property=\"og:site_name\" content=\"Amelia\" \/>\n<meta property=\"article:modified_time\" content=\"2020-09-17T17:06:27+00:00\" \/>\n<meta property=\"og:image\" content=\"https:\/\/amelia.hr\/wp-content\/uploads\/2020\/09\/Bright-vision-819x1024.jpg\" \/>\n<meta name=\"twitter:card\" content=\"summary_large_image\" \/>\n<script type=\"application\/ld+json\" class=\"yoast-schema-graph\">{\"@context\":\"https:\/\/schema.org\",\"@graph\":[{\"@type\":\"Organization\",\"@id\":\"https:\/\/amelia.hr\/hr\/#organization\",\"name\":\"Amelia Ltd\",\"url\":\"https:\/\/amelia.hr\/hr\/\",\"sameAs\":[],\"logo\":{\"@type\":\"ImageObject\",\"@id\":\"https:\/\/amelia.hr\/hr\/#logo\",\"inLanguage\":\"hr\",\"url\":\"https:\/\/amelia.hr\/wp-content\/uploads\/2020\/09\/Amelia-We-create-real-innovations.png\",\"width\":480,\"height\":80,\"caption\":\"Amelia Ltd\"},\"image\":{\"@id\":\"https:\/\/amelia.hr\/hr\/#logo\"}},{\"@type\":\"WebSite\",\"@id\":\"https:\/\/amelia.hr\/hr\/#website\",\"url\":\"https:\/\/amelia.hr\/hr\/\",\"name\":\"Amelia\",\"description\":\"We create real innovations!\",\"publisher\":{\"@id\":\"https:\/\/amelia.hr\/hr\/#organization\"},\"potentialAction\":[{\"@type\":\"SearchAction\",\"target\":\"https:\/\/amelia.hr\/hr\/?s={search_term_string}\",\"query-input\":\"required name=search_term_string\"}],\"inLanguage\":\"hr\"},{\"@type\":\"ImageObject\",\"@id\":\"https:\/\/amelia.hr\/technologies-for-licensing\/#primaryimage\",\"inLanguage\":\"hr\",\"url\":\"https:\/\/amelia.hr\/wp-content\/uploads\/2020\/09\/Bright-vision.jpg\",\"width\":1200,\"height\":1500,\"caption\":\"BrightVision\"},{\"@type\":\"WebPage\",\"@id\":\"https:\/\/amelia.hr\/technologies-for-licensing\/#webpage\",\"url\":\"https:\/\/amelia.hr\/technologies-for-licensing\/\",\"name\":\"Amelia - Technologies for licensing available to interested investors\",\"isPartOf\":{\"@id\":\"https:\/\/amelia.hr\/hr\/#website\"},\"primaryImageOfPage\":{\"@id\":\"https:\/\/amelia.hr\/technologies-for-licensing\/#primaryimage\"},\"datePublished\":\"2020-09-17T12:26:25+00:00\",\"dateModified\":\"2020-09-17T17:06:27+00:00\",\"description\":\"Amelia Ltd offers developed new and inventive products and technologies to interested companies or private investors for licensing.\",\"inLanguage\":\"hr\",\"potentialAction\":[{\"@type\":\"ReadAction\",\"target\":[\"https:\/\/amelia.hr\/technologies-for-licensing\/\"]}]}]}<\/script>\n<!-- \/ Yoast SEO plugin. -->","_links":{"self":[{"href":"https:\/\/amelia.hr\/hr\/wp-json\/wp\/v2\/pages\/42"}],"collection":[{"href":"https:\/\/amelia.hr\/hr\/wp-json\/wp\/v2\/pages"}],"about":[{"href":"https:\/\/amelia.hr\/hr\/wp-json\/wp\/v2\/types\/page"}],"author":[{"embeddable":true,"href":"https:\/\/amelia.hr\/hr\/wp-json\/wp\/v2\/users\/1"}],"replies":[{"embeddable":true,"href":"https:\/\/amelia.hr\/hr\/wp-json\/wp\/v2\/comments?post=42"}],"version-history":[{"count":0,"href":"https:\/\/amelia.hr\/hr\/wp-json\/wp\/v2\/pages\/42\/revisions"}],"wp:attachment":[{"href":"https:\/\/amelia.hr\/hr\/wp-json\/wp\/v2\/media?parent=42"}],"curies":[{"name":"wp","href":"https:\/\/api.w.org\/{rel}","templated":true}]}}