{"id":32,"date":"2020-09-17T11:54:55","date_gmt":"2020-09-17T09:54:55","guid":{"rendered":"https:\/\/amelia.hr\/?page_id=32"},"modified":"2020-09-17T19:09:00","modified_gmt":"2020-09-17T17:09:00","slug":"consulting-services","status":"publish","type":"page","link":"https:\/\/amelia.hr\/hr\/consulting-services\/","title":{"rendered":"Konzultantske usluge"},"content":{"rendered":"<p>Amelia nudi sljede\u0107e konzultantske usluge:<\/p>\n\n\n\n<div style=\"height:20px\" aria-hidden=\"true\" class=\"wp-block-spacer\"><\/div>\n\n\n\n<div class=\"wp-block-media-text alignfull is-stacked-on-mobile\"><figure class=\"wp-block-media-text__media\"><img loading=\"lazy\" width=\"1000\" height=\"1024\" src=\"https:\/\/amelia.hr\/wp-content\/uploads\/2020\/09\/Intellectual-property-protection-services-1000x1024.jpg\" alt=\"Intellectual property protection services\" class=\"wp-image-33\" srcset=\"https:\/\/amelia.hr\/wp-content\/uploads\/2020\/09\/Intellectual-property-protection-services-1000x1024.jpg 1000w, https:\/\/amelia.hr\/wp-content\/uploads\/2020\/09\/Intellectual-property-protection-services-293x300.jpg 293w, https:\/\/amelia.hr\/wp-content\/uploads\/2020\/09\/Intellectual-property-protection-services-768x786.jpg 768w, https:\/\/amelia.hr\/wp-content\/uploads\/2020\/09\/Intellectual-property-protection-services-1501x1536.jpg 1501w, https:\/\/amelia.hr\/wp-content\/uploads\/2020\/09\/Intellectual-property-protection-services.jpg 1700w\" sizes=\"(max-width: 1000px) 100vw, 1000px\" \/><\/figure><div class=\"wp-block-media-text__content\">\n<h2>Usluge u podru\u010dju za\u0161tite intelektualnog vlasni\u0161tva<\/h2>\n\n\n\n<hr class=\"wp-block-separator is-style-wide\"\/>\n\n\n\n<p>Nudimo usluge u podru\u010dju za\u0161tite intelektualnog vlasni\u0161tva (IP) u prehrambenoj, farmaceutskoj, kozmeti\u010dkoj, kemijskoj i agrokemijskoj industriji:<\/p>\n\n\n\n<ul><li>Analize stanja tehnike<\/li><li>Analize slobode upotrebe postoje\u0107ih proizvoda i tehnologija<\/li><li>Formiranje patentnih prijava<\/li><\/ul>\n\n\n\n<p>Poslove za\u0161tite IP radimo u suradnji sa tvrtkom <a rel=\"noreferrer noopener\" href=\"https:\/\/admoveo.hr\/about-us\/\" target=\"_blank\">Admoveo d.o.o.<\/a> koju vodi europski patentni zastupnik dr. sc. \u017deljko Bihar koji zastupa ve\u0107i broj doma\u0107ih i inozemnih tvrtki.<\/p>\n<\/div><\/div>\n\n\n\n<div class=\"wp-block-media-text alignfull has-media-on-the-right is-stacked-on-mobile\"><figure class=\"wp-block-media-text__media\"><img loading=\"lazy\" width=\"1024\" height=\"819\" src=\"https:\/\/amelia.hr\/wp-content\/uploads\/2020\/09\/Consulting-services-in-research-and-development-1024x819.jpg\" alt=\"Consulting services in research and development\" class=\"wp-image-34\" srcset=\"https:\/\/amelia.hr\/wp-content\/uploads\/2020\/09\/Consulting-services-in-research-and-development-1024x819.jpg 1024w, https:\/\/amelia.hr\/wp-content\/uploads\/2020\/09\/Consulting-services-in-research-and-development-300x240.jpg 300w, https:\/\/amelia.hr\/wp-content\/uploads\/2020\/09\/Consulting-services-in-research-and-development-768x614.jpg 768w, https:\/\/amelia.hr\/wp-content\/uploads\/2020\/09\/Consulting-services-in-research-and-development-1536x1229.jpg 1536w, https:\/\/amelia.hr\/wp-content\/uploads\/2020\/09\/Consulting-services-in-research-and-development.jpg 1700w\" sizes=\"(max-width: 1024px) 100vw, 1024px\" \/><\/figure><div class=\"wp-block-media-text__content\">\n<h2>Usluge savjetovanja u istra\u017eivanju i razvoju<\/h2>\n\n\n\n<hr class=\"wp-block-separator is-style-wide\"\/>\n\n\n\n<p>Amelia nudi konzultantske usluge u istra\u017eivanju i razvoju novih proizvoda i tehnologija u podru\u010djima prehrambene, farmaceutske, kozmeti\u010dke, kemijske i agrokemijske industrije.<\/p>\n\n\n\n<p>Detaljniji popis na\u0161ih podru\u010dja izvrsnosti mo\u017eete vidjeti ovdje:<\/p>\n\n\n\n<div style=\"height:20px\" aria-hidden=\"true\" class=\"wp-block-spacer\"><\/div>\n\n\n\n<div id=\"wp-block-themeisle-blocks-button-group-77934c63\" class=\"wp-block-themeisle-blocks-button-group wp-block-buttons align-center\">\n<div id=\"wp-block-themeisle-blocks-button-8f007615\" class=\"wp-block-themeisle-blocks-button wp-block-button\"><a href=\"https:\/\/amelia.hr\/hr\/contract-research-and-development-services\/\" target=\"_self\" rel=\"noopener noreferrer\" class=\"wp-block-button__link\"><span>Ugovorno istra\u017eivanje i razvoj<\/span><\/a><\/div>\n<\/div>\n<\/div><\/div>\n\n\n\n<div class=\"wp-block-media-text alignfull is-stacked-on-mobile\"><figure class=\"wp-block-media-text__media\"><img loading=\"lazy\" width=\"1024\" height=\"772\" src=\"https:\/\/amelia.hr\/wp-content\/uploads\/2020\/09\/Crop-protection-consulting-1024x772.jpg\" alt=\"Crop protection consulting\" class=\"wp-image-35\" srcset=\"https:\/\/amelia.hr\/wp-content\/uploads\/2020\/09\/Crop-protection-consulting-1024x772.jpg 1024w, https:\/\/amelia.hr\/wp-content\/uploads\/2020\/09\/Crop-protection-consulting-300x226.jpg 300w, https:\/\/amelia.hr\/wp-content\/uploads\/2020\/09\/Crop-protection-consulting-768x579.jpg 768w, https:\/\/amelia.hr\/wp-content\/uploads\/2020\/09\/Crop-protection-consulting-1536x1157.jpg 1536w, https:\/\/amelia.hr\/wp-content\/uploads\/2020\/09\/Crop-protection-consulting.jpg 1700w\" sizes=\"(max-width: 1024px) 100vw, 1024px\" \/><\/figure><div class=\"wp-block-media-text__content\">\n<h2>Savjetovanje u za\u0161titi bilja<\/h2>\n\n\n\n<hr class=\"wp-block-separator is-style-wide\"\/>\n\n\n\n<p>Nudimo sljede\u0107e usluge savjetovanja u za\u0161titi bilja:<\/p>\n\n\n\n<ul><li>Izvide na terenu.<\/li><li>Dijagnosticiranje biljnih bolesti i \u0161tetnika prema simptomima ili iz done\u0161enog biljnog materijala te izrada prijedloga suzbijanja.<\/li><li>Savjetovanje u ekolo\u0161koj proizvodnji.<\/li><\/ul>\n<\/div><\/div>","protected":false},"excerpt":{"rendered":"<p>Amelia nudi sljede\u0107e konzultantske usluge:<\/p>","protected":false},"author":1,"featured_media":0,"parent":0,"menu_order":0,"comment_status":"closed","ping_status":"closed","template":"page-templates\/template-fullwidth.php","meta":[],"yoast_head":"<!-- This site is optimized with the Yoast SEO plugin v14.9 - https:\/\/yoast.com\/wordpress\/plugins\/seo\/ -->\n<title>Amelia - Consulting services, Intellectual Property Protection, Crop Science<\/title>\n<meta name=\"description\" content=\"Amelia offers intellectual property protection and consulting services in research and development in food, pharmaceutical, cosmetic and chemical industries\" \/>\n<meta name=\"robots\" content=\"index, follow, max-snippet:-1, max-image-preview:large, max-video-preview:-1\" \/>\n<link rel=\"canonical\" href=\"https:\/\/amelia.hr\/hr\/consulting-services\/\" \/>\n<meta property=\"og:locale\" content=\"hr_HR\" \/>\n<meta property=\"og:type\" content=\"article\" \/>\n<meta property=\"og:title\" content=\"Amelia - Consulting services, Intellectual Property Protection, Crop Science\" \/>\n<meta property=\"og:description\" content=\"Amelia offers intellectual property protection and consulting services in research and development in food, pharmaceutical, cosmetic and chemical industries\" \/>\n<meta property=\"og:url\" content=\"https:\/\/amelia.hr\/hr\/consulting-services\/\" \/>\n<meta property=\"og:site_name\" content=\"Amelia\" \/>\n<meta property=\"article:modified_time\" content=\"2020-09-17T17:09:00+00:00\" \/>\n<meta property=\"og:image\" content=\"https:\/\/amelia.hr\/wp-content\/uploads\/2020\/09\/Intellectual-property-protection-services-1000x1024.jpg\" \/>\n<meta name=\"twitter:card\" content=\"summary_large_image\" \/>\n<script type=\"application\/ld+json\" class=\"yoast-schema-graph\">{\"@context\":\"https:\/\/schema.org\",\"@graph\":[{\"@type\":\"Organization\",\"@id\":\"https:\/\/amelia.hr\/hr\/#organization\",\"name\":\"Amelia Ltd\",\"url\":\"https:\/\/amelia.hr\/hr\/\",\"sameAs\":[],\"logo\":{\"@type\":\"ImageObject\",\"@id\":\"https:\/\/amelia.hr\/hr\/#logo\",\"inLanguage\":\"hr\",\"url\":\"https:\/\/amelia.hr\/wp-content\/uploads\/2020\/09\/Amelia-We-create-real-innovations.png\",\"width\":480,\"height\":80,\"caption\":\"Amelia Ltd\"},\"image\":{\"@id\":\"https:\/\/amelia.hr\/hr\/#logo\"}},{\"@type\":\"WebSite\",\"@id\":\"https:\/\/amelia.hr\/hr\/#website\",\"url\":\"https:\/\/amelia.hr\/hr\/\",\"name\":\"Amelia\",\"description\":\"We create real innovations!\",\"publisher\":{\"@id\":\"https:\/\/amelia.hr\/hr\/#organization\"},\"potentialAction\":[{\"@type\":\"SearchAction\",\"target\":\"https:\/\/amelia.hr\/hr\/?s={search_term_string}\",\"query-input\":\"required name=search_term_string\"}],\"inLanguage\":\"hr\"},{\"@type\":\"ImageObject\",\"@id\":\"https:\/\/amelia.hr\/consulting-services\/#primaryimage\",\"inLanguage\":\"hr\",\"url\":\"https:\/\/amelia.hr\/wp-content\/uploads\/2020\/09\/Intellectual-property-protection-services.jpg\",\"width\":1700,\"height\":1740,\"caption\":\"Intellectual property protection services\"},{\"@type\":\"WebPage\",\"@id\":\"https:\/\/amelia.hr\/consulting-services\/#webpage\",\"url\":\"https:\/\/amelia.hr\/consulting-services\/\",\"name\":\"Amelia - Consulting services, Intellectual Property Protection, Crop Science\",\"isPartOf\":{\"@id\":\"https:\/\/amelia.hr\/hr\/#website\"},\"primaryImageOfPage\":{\"@id\":\"https:\/\/amelia.hr\/consulting-services\/#primaryimage\"},\"datePublished\":\"2020-09-17T09:54:55+00:00\",\"dateModified\":\"2020-09-17T17:09:00+00:00\",\"description\":\"Amelia offers intellectual property protection and consulting services in research and development in food, pharmaceutical, cosmetic and chemical industries\",\"inLanguage\":\"hr\",\"potentialAction\":[{\"@type\":\"ReadAction\",\"target\":[\"https:\/\/amelia.hr\/consulting-services\/\"]}]}]}<\/script>\n<!-- \/ Yoast SEO plugin. -->","_links":{"self":[{"href":"https:\/\/amelia.hr\/hr\/wp-json\/wp\/v2\/pages\/32"}],"collection":[{"href":"https:\/\/amelia.hr\/hr\/wp-json\/wp\/v2\/pages"}],"about":[{"href":"https:\/\/amelia.hr\/hr\/wp-json\/wp\/v2\/types\/page"}],"author":[{"embeddable":true,"href":"https:\/\/amelia.hr\/hr\/wp-json\/wp\/v2\/users\/1"}],"replies":[{"embeddable":true,"href":"https:\/\/amelia.hr\/hr\/wp-json\/wp\/v2\/comments?post=32"}],"version-history":[{"count":0,"href":"https:\/\/amelia.hr\/hr\/wp-json\/wp\/v2\/pages\/32\/revisions"}],"wp:attachment":[{"href":"https:\/\/amelia.hr\/hr\/wp-json\/wp\/v2\/media?parent=32"}],"curies":[{"name":"wp","href":"https:\/\/api.w.org\/{rel}","templated":true}]}}