{"id":22,"date":"2020-09-17T11:16:02","date_gmt":"2020-09-17T09:16:02","guid":{"rendered":"https:\/\/amelia.hr\/?page_id=22"},"modified":"2020-09-17T19:12:54","modified_gmt":"2020-09-17T17:12:54","slug":"amelia-for-investors","status":"publish","type":"page","link":"https:\/\/amelia.hr\/hr\/amelia-for-investors\/","title":{"rendered":"Za investitore"},"content":{"rendered":"<p>Zainteresiranim investitorima Amelia nudi:<\/p>\n\n\n\n<div style=\"height:20px\" aria-hidden=\"true\" class=\"wp-block-spacer\"><\/div>\n\n\n\n<ul><li>Licenciranje ili zajedni\u010dko pokretanje projekata proizvodnje i prodaje novih proizvoda iz portfelja ve\u0107 razvijenih tehnologija za licenciranje. Popis novih proizvoda i tehnologija koje su dostupne za licenciranje mo\u017eete pogledati u dijelu Tehnologije za licenciranje.<\/li><\/ul>\n\n\n\n<ul><li>Ugovorni razvoj novih ili patentibilnih proizvoda ili tehnologija iz podru\u010dja prehrambene, farmaceutske, kozmeti\u010dke, kemijske ili agrokemijske industrije prema \u017eelji i ulaznim podacima investitora.<\/li><\/ul>\n\n\n\n<div style=\"height:40px\" aria-hidden=\"true\" class=\"wp-block-spacer\"><\/div>\n\n\n\n<div id=\"wp-block-themeisle-blocks-button-group-93839d99\" class=\"wp-block-themeisle-blocks-button-group wp-block-buttons align-center\">\n<div id=\"wp-block-themeisle-blocks-button-9afc15e6\" class=\"wp-block-themeisle-blocks-button wp-block-button is-style-fill\"><a href=\"https:\/\/amelia.hr\/hr\/technologies-for-licensing\/\" target=\"_self\" rel=\"noopener noreferrer\" class=\"wp-block-button__link\"><span>Tehnologije za licenciranje<\/span><\/a><\/div>\n\n\n\n<div id=\"wp-block-themeisle-blocks-button-b8b3134f\" class=\"wp-block-themeisle-blocks-button wp-block-button is-style-fill\"><a href=\"https:\/\/amelia.hr\/hr\/contact-us\/\" target=\"_self\" rel=\"noopener noreferrer\" class=\"wp-block-button__link\"><span>Kontaktirajte nas<\/span><\/a><\/div>\n<\/div>\n\n\n\n<div style=\"height:60px\" aria-hidden=\"true\" class=\"wp-block-spacer\"><\/div>","protected":false},"excerpt":{"rendered":"<p>To interested investors Amelia offers: Licensing or joint venture for starting production and sales of new products from the portfolio of already developed technologies that are available for licensing. The list of new products and technologies can be seen in section Technologies for Licensing. Contract development of new or patentable [&hellip;]<\/p>","protected":false},"author":1,"featured_media":23,"parent":0,"menu_order":0,"comment_status":"closed","ping_status":"closed","template":"","meta":[],"yoast_head":"<!-- This site is optimized with the Yoast SEO plugin v14.9 - https:\/\/yoast.com\/wordpress\/plugins\/seo\/ -->\n<title>Amelia - for investors<\/title>\n<meta name=\"description\" content=\"To interested investors Amelia offers licensing or joint venture for starting production and sales of new products from our portfolio.\" \/>\n<meta name=\"robots\" content=\"index, follow, max-snippet:-1, max-image-preview:large, max-video-preview:-1\" \/>\n<link rel=\"canonical\" href=\"https:\/\/amelia.hr\/hr\/amelia-for-investors\/\" \/>\n<meta property=\"og:locale\" content=\"hr_HR\" \/>\n<meta property=\"og:type\" content=\"article\" \/>\n<meta property=\"og:title\" content=\"Amelia - for investors\" \/>\n<meta property=\"og:description\" content=\"To interested investors Amelia offers licensing or joint venture for starting production and sales of new products from our portfolio.\" \/>\n<meta property=\"og:url\" content=\"https:\/\/amelia.hr\/hr\/amelia-for-investors\/\" \/>\n<meta property=\"og:site_name\" content=\"Amelia\" \/>\n<meta property=\"article:modified_time\" content=\"2020-09-17T17:12:54+00:00\" \/>\n<meta property=\"og:image\" content=\"https:\/\/amelia.hr\/wp-content\/uploads\/2020\/09\/For-investors.jpg\" \/>\n\t<meta property=\"og:image:width\" content=\"2000\" \/>\n\t<meta property=\"og:image:height\" content=\"440\" \/>\n<meta name=\"twitter:card\" content=\"summary_large_image\" \/>\n<script type=\"application\/ld+json\" class=\"yoast-schema-graph\">{\"@context\":\"https:\/\/schema.org\",\"@graph\":[{\"@type\":\"Organization\",\"@id\":\"https:\/\/amelia.hr\/hr\/#organization\",\"name\":\"Amelia Ltd\",\"url\":\"https:\/\/amelia.hr\/hr\/\",\"sameAs\":[],\"logo\":{\"@type\":\"ImageObject\",\"@id\":\"https:\/\/amelia.hr\/hr\/#logo\",\"inLanguage\":\"hr\",\"url\":\"https:\/\/amelia.hr\/wp-content\/uploads\/2020\/09\/Amelia-We-create-real-innovations.png\",\"width\":480,\"height\":80,\"caption\":\"Amelia Ltd\"},\"image\":{\"@id\":\"https:\/\/amelia.hr\/hr\/#logo\"}},{\"@type\":\"WebSite\",\"@id\":\"https:\/\/amelia.hr\/hr\/#website\",\"url\":\"https:\/\/amelia.hr\/hr\/\",\"name\":\"Amelia\",\"description\":\"We create real innovations!\",\"publisher\":{\"@id\":\"https:\/\/amelia.hr\/hr\/#organization\"},\"potentialAction\":[{\"@type\":\"SearchAction\",\"target\":\"https:\/\/amelia.hr\/hr\/?s={search_term_string}\",\"query-input\":\"required name=search_term_string\"}],\"inLanguage\":\"hr\"},{\"@type\":\"ImageObject\",\"@id\":\"https:\/\/amelia.hr\/amelia-for-investors\/#primaryimage\",\"inLanguage\":\"hr\",\"url\":\"https:\/\/amelia.hr\/wp-content\/uploads\/2020\/09\/For-investors.jpg\",\"width\":2000,\"height\":440,\"caption\":\"Amelia - For investors\"},{\"@type\":\"WebPage\",\"@id\":\"https:\/\/amelia.hr\/amelia-for-investors\/#webpage\",\"url\":\"https:\/\/amelia.hr\/amelia-for-investors\/\",\"name\":\"Amelia - for investors\",\"isPartOf\":{\"@id\":\"https:\/\/amelia.hr\/hr\/#website\"},\"primaryImageOfPage\":{\"@id\":\"https:\/\/amelia.hr\/amelia-for-investors\/#primaryimage\"},\"datePublished\":\"2020-09-17T09:16:02+00:00\",\"dateModified\":\"2020-09-17T17:12:54+00:00\",\"description\":\"To interested investors Amelia offers licensing or joint venture for starting production and sales of new products from our portfolio.\",\"inLanguage\":\"hr\",\"potentialAction\":[{\"@type\":\"ReadAction\",\"target\":[\"https:\/\/amelia.hr\/amelia-for-investors\/\"]}]}]}<\/script>\n<!-- \/ Yoast SEO plugin. -->","_links":{"self":[{"href":"https:\/\/amelia.hr\/hr\/wp-json\/wp\/v2\/pages\/22"}],"collection":[{"href":"https:\/\/amelia.hr\/hr\/wp-json\/wp\/v2\/pages"}],"about":[{"href":"https:\/\/amelia.hr\/hr\/wp-json\/wp\/v2\/types\/page"}],"author":[{"embeddable":true,"href":"https:\/\/amelia.hr\/hr\/wp-json\/wp\/v2\/users\/1"}],"replies":[{"embeddable":true,"href":"https:\/\/amelia.hr\/hr\/wp-json\/wp\/v2\/comments?post=22"}],"version-history":[{"count":0,"href":"https:\/\/amelia.hr\/hr\/wp-json\/wp\/v2\/pages\/22\/revisions"}],"wp:featuredmedia":[{"embeddable":true,"href":"https:\/\/amelia.hr\/hr\/wp-json\/wp\/v2\/media\/23"}],"wp:attachment":[{"href":"https:\/\/amelia.hr\/hr\/wp-json\/wp\/v2\/media?parent=22"}],"curies":[{"name":"wp","href":"https:\/\/api.w.org\/{rel}","templated":true}]}}