{"id":16,"date":"2020-09-17T10:59:19","date_gmt":"2020-09-17T08:59:19","guid":{"rendered":"https:\/\/amelia.hr\/?page_id=16"},"modified":"2020-09-17T12:03:32","modified_gmt":"2020-09-17T10:03:32","slug":"about-us-amelia","status":"publish","type":"page","link":"https:\/\/amelia.hr\/hr\/about-us-amelia\/","title":{"rendered":"O nama"},"content":{"rendered":"<p>Tvrtka Amelia d.o.o. osnovana je 2013. godine s ciljem pru\u017eanja ugovornog istra\u017eivanja i razvoja inovativnih proizvoda i tehnologija iz podru\u010dja prehrambene, farmaceutske, kozmeti\u010dke, kemijske i agrokemijske industrije. Uspje\u0161no razvijamo nove proizvode i tehnologije za na\u0161e klijente. Mnogi od njih bili su novi i inventivni te su do\u017eivjeli uspje\u0161nu patentnu za\u0161titu i komercijalizaciju.<\/p>\n\n\n\n<div style=\"height:60px\" aria-hidden=\"true\" class=\"wp-block-spacer\"><\/div>\n\n\n\n<h2 class=\"has-text-align-center\">Na\u0161 tim<\/h2>\n\n\n\n<hr class=\"wp-block-separator is-style-wide\"\/>\n\n\n\n<div class=\"wp-block-columns\">\n<div class=\"wp-block-column\">\n<h6>Katica Cepanec, direktorica<\/h6>\n\n\n\n<h6>dipl. ing. agronomije<\/h6>\n\n\n\n<p>Katica je vlasnik i osniva\u010d Amelije koja svojim upornim radom i zalaganjem predstavlja&nbsp;<em>spiritus movens<\/em>&nbsp;organizacije. Po struci je diplomirani agronom i ekspert u podru\u010dju za\u0161tite bilja i agrokemije.<\/p>\n<\/div>\n\n\n\n<div class=\"wp-block-column\">\n<h6>Dr. sc. Ivica Cepanec, tehni\u010dki direktor<\/h6>\n\n\n\n<h6>dipl. ing. kemije<\/h6>\n\n\n\n<p>Ivica djeluje u podru\u010dju farmaceutske, prehrambene, kozmeti\u010dke i kemijske industrije ve\u0107 vi\u0161e od 20 godina. Autor je mnogih novih proizvoda, tehnologija i patenata. Ivi\u010dinu znanstvenu aktivnost mo\u017eete pogledati na slijede\u0107oj <a href=\"https:\/\/www.bib.irb.hr\/pregled\/znanstvenici\/249453?w_mentor=1&amp;report=1\" target=\"_blank\" rel=\"noreferrer noopener\">poveznici<\/a> hrvatske znanstvene bibliografije, dok patentnu aktivnost mo\u017eete pogledati na slijede\u0107oj <a href=\"https:\/\/worldwide.espacenet.com\/searchResults?submitted=true&amp;locale=en_EP&amp;DB=EPODOC&amp;ST=advanced&amp;TI=&amp;AB=&amp;PN=&amp;AP=&amp;PR=&amp;PD=&amp;PA=&amp;IN=Ivica+Cepanec&amp;CPC=&amp;IC=\" target=\"_blank\" rel=\"noreferrer noopener\">poveznici<\/a> baze Europskog patentnog ureda (EPO).<\/p>\n<\/div>\n<\/div>\n\n\n\n<h2 class=\"has-text-align-center\">Na\u0161i partneri<\/h2>\n\n\n\n<hr class=\"wp-block-separator is-style-wide\"\/>\n\n\n\n<p>Amelia posjeduje vlastita stru\u010dna znanja iz navedenih podru\u010dja, dok za pojedina podru\u010dja koristimo usluge na\u0161ih dugogodi\u0161njih vanjskih suradnika:<\/p>\n\n\n\n<div style=\"height:30px\" aria-hidden=\"true\" class=\"wp-block-spacer\"><\/div>\n\n\n\n<div class=\"wp-block-columns\">\n<div class=\"wp-block-column\">\n<p>Dr. sc. \u017deljko Bihar koji vodi tvrtku Admoveo d.o.o. - podru\u010dje za\u0161tite intelektualnog vlasni\u0161tva.<\/p>\n\n\n\n<div style=\"height:100px\" aria-hidden=\"true\" class=\"wp-block-spacer\"><\/div>\n\n\n\n<figure class=\"wp-block-image size-large is-resized\"><a href=\"https:\/\/admoveo.hr\/\" target=\"_blank\" rel=\"noreferrer noopener\"><img loading=\"lazy\" src=\"https:\/\/amelia.hr\/wp-content\/uploads\/2020\/09\/Admoveo.png\" alt=\"Admoveo Intellectual Property\" class=\"wp-image-12\" width=\"500\" height=\"99\" srcset=\"https:\/\/amelia.hr\/wp-content\/uploads\/2020\/09\/Admoveo.png 1000w, https:\/\/amelia.hr\/wp-content\/uploads\/2020\/09\/Admoveo-300x59.png 300w, https:\/\/amelia.hr\/wp-content\/uploads\/2020\/09\/Admoveo-768x152.png 768w\" sizes=\"(max-width: 500px) 100vw, 500px\" \/><\/figure><\/a>\n<\/div>\n\n\n\n<div class=\"wp-block-column\">\n<p>Mr. sc. Hrvoje Mikulda\u0161 koji vodi tvrtku Supstancija d.o.o. - ekspertiza u podru\u010dju funkcionalnih prehrambenih proizvoda.<\/p>\n\n\n\n<div style=\"height:20px\" aria-hidden=\"true\" class=\"wp-block-spacer\"><\/div>\n\n\n\n<figure class=\"wp-block-image size-large is-resized\"><img loading=\"lazy\" src=\"https:\/\/amelia.hr\/wp-content\/uploads\/2020\/09\/Supstancija-1024x594.png\" alt=\"Supstancija Ltd\" class=\"wp-image-13\" width=\"512\" height=\"297\" srcset=\"https:\/\/amelia.hr\/wp-content\/uploads\/2020\/09\/Supstancija-1024x594.png 1024w, https:\/\/amelia.hr\/wp-content\/uploads\/2020\/09\/Supstancija-300x174.png 300w, https:\/\/amelia.hr\/wp-content\/uploads\/2020\/09\/Supstancija-768x445.png 768w, https:\/\/amelia.hr\/wp-content\/uploads\/2020\/09\/Supstancija.png 1200w\" sizes=\"(max-width: 512px) 100vw, 512px\" \/><\/figure>\n<\/div>\n<\/div>\n\n\n\n<div style=\"height:60px\" aria-hidden=\"true\" class=\"wp-block-spacer\"><\/div>","protected":false},"excerpt":{"rendered":"<p>Company Amelia Ltd was founded in 2013 with the aim of providing contract research and development (R&amp;D) of innovative products and technologies in the field of food, pharmaceutical, cosmetic, chemical, and agrochemical industries. We successfully develop new products and technologies for our clients. Many of these products have been new [&hellip;]<\/p>","protected":false},"author":1,"featured_media":0,"parent":0,"menu_order":0,"comment_status":"closed","ping_status":"closed","template":"page-templates\/template-fullwidth.php","meta":[],"yoast_head":"<!-- This site is optimized with the Yoast SEO plugin v14.9 - https:\/\/yoast.com\/wordpress\/plugins\/seo\/ -->\n<title>Amelia - About us: meet our team and our partners<\/title>\n<meta name=\"description\" content=\"Amelia provides contract research and development of inventive products in food, pharmaceutical, cosmetic, chemical and agrochemical industry.\" \/>\n<meta name=\"robots\" content=\"index, follow, max-snippet:-1, max-image-preview:large, max-video-preview:-1\" \/>\n<link rel=\"canonical\" href=\"https:\/\/amelia.hr\/hr\/about-us-amelia\/\" \/>\n<meta property=\"og:locale\" content=\"hr_HR\" \/>\n<meta property=\"og:type\" content=\"article\" \/>\n<meta property=\"og:title\" content=\"Amelia - About us: meet our team and our partners\" \/>\n<meta property=\"og:description\" content=\"Amelia provides contract research and development of inventive products in food, pharmaceutical, cosmetic, chemical and agrochemical industry.\" \/>\n<meta property=\"og:url\" content=\"https:\/\/amelia.hr\/hr\/about-us-amelia\/\" \/>\n<meta property=\"og:site_name\" content=\"Amelia\" \/>\n<meta property=\"article:modified_time\" content=\"2020-09-17T10:03:32+00:00\" \/>\n<meta property=\"og:image\" content=\"https:\/\/amelia.hr\/wp-content\/uploads\/2020\/09\/Admoveo.png\" \/>\n<meta name=\"twitter:card\" content=\"summary_large_image\" \/>\n<script type=\"application\/ld+json\" class=\"yoast-schema-graph\">{\"@context\":\"https:\/\/schema.org\",\"@graph\":[{\"@type\":\"Organization\",\"@id\":\"https:\/\/amelia.hr\/hr\/#organization\",\"name\":\"Amelia Ltd\",\"url\":\"https:\/\/amelia.hr\/hr\/\",\"sameAs\":[],\"logo\":{\"@type\":\"ImageObject\",\"@id\":\"https:\/\/amelia.hr\/hr\/#logo\",\"inLanguage\":\"hr\",\"url\":\"https:\/\/amelia.hr\/wp-content\/uploads\/2020\/09\/Amelia-We-create-real-innovations.png\",\"width\":480,\"height\":80,\"caption\":\"Amelia Ltd\"},\"image\":{\"@id\":\"https:\/\/amelia.hr\/hr\/#logo\"}},{\"@type\":\"WebSite\",\"@id\":\"https:\/\/amelia.hr\/hr\/#website\",\"url\":\"https:\/\/amelia.hr\/hr\/\",\"name\":\"Amelia\",\"description\":\"We create real innovations!\",\"publisher\":{\"@id\":\"https:\/\/amelia.hr\/hr\/#organization\"},\"potentialAction\":[{\"@type\":\"SearchAction\",\"target\":\"https:\/\/amelia.hr\/hr\/?s={search_term_string}\",\"query-input\":\"required name=search_term_string\"}],\"inLanguage\":\"hr\"},{\"@type\":\"ImageObject\",\"@id\":\"https:\/\/amelia.hr\/about-us-amelia\/#primaryimage\",\"inLanguage\":\"hr\",\"url\":\"https:\/\/amelia.hr\/wp-content\/uploads\/2020\/09\/Admoveo.png\",\"width\":1000,\"height\":198,\"caption\":\"Admoveo Intellectual Property\"},{\"@type\":[\"WebPage\",\"AboutPage\"],\"@id\":\"https:\/\/amelia.hr\/about-us-amelia\/#webpage\",\"url\":\"https:\/\/amelia.hr\/about-us-amelia\/\",\"name\":\"Amelia - About us: meet our team and our partners\",\"isPartOf\":{\"@id\":\"https:\/\/amelia.hr\/hr\/#website\"},\"primaryImageOfPage\":{\"@id\":\"https:\/\/amelia.hr\/about-us-amelia\/#primaryimage\"},\"datePublished\":\"2020-09-17T08:59:19+00:00\",\"dateModified\":\"2020-09-17T10:03:32+00:00\",\"description\":\"Amelia provides contract research and development of inventive products in food, pharmaceutical, cosmetic, chemical and agrochemical industry.\",\"inLanguage\":\"hr\",\"potentialAction\":[{\"@type\":\"ReadAction\",\"target\":[\"https:\/\/amelia.hr\/about-us-amelia\/\"]}]}]}<\/script>\n<!-- \/ Yoast SEO plugin. -->","_links":{"self":[{"href":"https:\/\/amelia.hr\/hr\/wp-json\/wp\/v2\/pages\/16"}],"collection":[{"href":"https:\/\/amelia.hr\/hr\/wp-json\/wp\/v2\/pages"}],"about":[{"href":"https:\/\/amelia.hr\/hr\/wp-json\/wp\/v2\/types\/page"}],"author":[{"embeddable":true,"href":"https:\/\/amelia.hr\/hr\/wp-json\/wp\/v2\/users\/1"}],"replies":[{"embeddable":true,"href":"https:\/\/amelia.hr\/hr\/wp-json\/wp\/v2\/comments?post=16"}],"version-history":[{"count":0,"href":"https:\/\/amelia.hr\/hr\/wp-json\/wp\/v2\/pages\/16\/revisions"}],"wp:attachment":[{"href":"https:\/\/amelia.hr\/hr\/wp-json\/wp\/v2\/media?parent=16"}],"curies":[{"name":"wp","href":"https:\/\/api.w.org\/{rel}","templated":true}]}}